{"id":600,"date":"2025-11-19T15:12:26","date_gmt":"2025-11-19T15:12:26","guid":{"rendered":"https:\/\/sal.getmarried.pt\/?page_id=600"},"modified":"2026-01-20T16:46:39","modified_gmt":"2026-01-20T16:46:39","slug":"team","status":"publish","type":"page","link":"https:\/\/sal.getmarried.pt\/pt\/team\/","title":{"rendered":"Equipa"},"content":{"rendered":"<div data-elementor-type=\"wp-page\" data-elementor-id=\"600\" class=\"elementor elementor-600\">\n\t\t\t\t<div class=\"elementor-element elementor-element-54b4a51 e-con-full e-flex wpr-particle-no wpr-jarallax-no wpr-parallax-no wpr-sticky-section-no wpr-equal-height-no e-con e-parent\" data-id=\"54b4a51\" data-element_type=\"container\" data-e-type=\"container\" data-settings=\"{&quot;background_background&quot;:&quot;slideshow&quot;,&quot;background_slideshow_gallery&quot;:[],&quot;background_slideshow_loop&quot;:&quot;yes&quot;,&quot;background_slideshow_slide_duration&quot;:5000,&quot;background_slideshow_slide_transition&quot;:&quot;fade&quot;,&quot;background_slideshow_transition_duration&quot;:500}\">\n\t\t\t\t<div class=\"elementor-element elementor-element-ecd22d8 elementor-widget elementor-widget-spacer\" data-id=\"ecd22d8\" data-element_type=\"widget\" data-e-type=\"widget\" data-widget_type=\"spacer.default\">\n\t\t\t\t\t\t\t<div class=\"elementor-spacer\">\n\t\t\t<div class=\"elementor-spacer-inner\"><\/div>\n\t\t<\/div>\n\t\t\t\t\t\t<\/div>\n\t\t\t\t<\/div>\n\t\t\t\t<section class=\"elementor-section elementor-top-section elementor-element elementor-element-7d6879e elementor-section-full_width elementor-section-height-min-height elementor-section-height-default elementor-section-items-middle wpr-particle-no wpr-jarallax-no wpr-parallax-no wpr-sticky-section-no wpr-equal-height-no\" data-id=\"7d6879e\" data-element_type=\"section\" data-e-type=\"section\" data-settings=\"{&quot;background_background&quot;:&quot;classic&quot;}\">\n\t\t\t\t\t\t\t<div class=\"elementor-background-overlay\"><\/div>\n\t\t\t\t\t\t\t<div class=\"elementor-container elementor-column-gap-no\">\n\t\t\t\t\t<div class=\"elementor-column elementor-col-100 elementor-top-column elementor-element elementor-element-0582fc5\" data-id=\"0582fc5\" data-element_type=\"column\" data-e-type=\"column\">\n\t\t\t<div class=\"elementor-widget-wrap elementor-element-populated\">\n\t\t\t\t\t\t<div class=\"elementor-element elementor-element-79f165b elementor-widget elementor-widget-heading\" data-id=\"79f165b\" data-element_type=\"widget\" data-e-type=\"widget\" data-widget_type=\"heading.default\">\n\t\t\t\t\t<h1 class=\"elementor-heading-title elementor-size-default\">Equipa<\/h1>\t\t\t\t<\/div>\n\t\t\t\t<div class=\"elementor-element elementor-element-41e4f66 elementor-widget elementor-widget-text-editor\" data-id=\"41e4f66\" data-element_type=\"widget\" data-e-type=\"widget\" data-widget_type=\"text-editor.default\">\n\t\t\t\t\t\t\t\t\t<p>Conhe\u00e7a a equipa da Get Married, dedicada em criar casamentos inesquec\u00edveis na Ilha Sal, combinando o conhecimento local com um planeamento apurado e uma aten\u00e7\u00e3o genu\u00edna.<\/p>\t\t\t\t\t\t\t\t<\/div>\n\t\t\t\t\t<\/div>\n\t\t<\/div>\n\t\t\t\t\t<\/div>\n\t\t<\/section>\n\t\t<div class=\"elementor-element elementor-element-66fb3690 e-flex e-con-boxed wpr-particle-no wpr-jarallax-no wpr-parallax-no wpr-sticky-section-no wpr-equal-height-no e-con e-parent\" data-id=\"66fb3690\" data-element_type=\"container\" data-e-type=\"container\">\n\t\t\t\t\t<div class=\"e-con-inner\">\n\t\t\t\t<div class=\"elementor-element elementor-element-6977ba09 elementor-widget elementor-widget-heading\" data-id=\"6977ba09\" data-element_type=\"widget\" data-e-type=\"widget\" data-widget_type=\"heading.default\">\n\t\t\t\t\t<h1 class=\"elementor-heading-title elementor-size-default\">Fundadora e Wedding Planner, T\u00e2nia Pinto Sousa<\/h1>\t\t\t\t<\/div>\n\t\t<div class=\"elementor-element elementor-element-42bf8ff e-con-full e-flex wpr-particle-no wpr-jarallax-no wpr-parallax-no wpr-sticky-section-no wpr-equal-height-no e-con e-child\" data-id=\"42bf8ff\" data-element_type=\"container\" data-e-type=\"container\">\n\t\t<div class=\"elementor-element elementor-element-408fc4df e-con-full e-flex wpr-particle-no wpr-jarallax-no wpr-parallax-no wpr-sticky-section-no wpr-equal-height-no elementor-invisible e-con e-child\" data-id=\"408fc4df\" data-element_type=\"container\" data-e-type=\"container\" data-settings=\"{&quot;animation&quot;:&quot;slideInUp&quot;,&quot;animation_delay&quot;:100}\">\n\t\t\t\t<div class=\"elementor-element elementor-element-8e16ca7 elementor-widget elementor-widget-image\" data-id=\"8e16ca7\" data-element_type=\"widget\" data-e-type=\"widget\" data-widget_type=\"image.default\">\n\t\t\t\t\t\t\t\t\t\t\t\t\t\t\t<img fetchpriority=\"high\" decoding=\"async\" width=\"573\" height=\"700\" src=\"https:\/\/sal.getmarried.pt\/wp-content\/uploads\/2026\/01\/sal-cape-verde-wedding.jpg\" class=\"attachment-full size-full wp-image-1188\" alt=\"\" srcset=\"https:\/\/sal.getmarried.pt\/wp-content\/uploads\/2026\/01\/sal-cape-verde-wedding.jpg 573w, https:\/\/sal.getmarried.pt\/wp-content\/uploads\/2026\/01\/sal-cape-verde-wedding-246x300.jpg 246w\" sizes=\"(max-width: 573px) 100vw, 573px\" \/>\t\t\t\t\t\t\t\t\t\t\t\t\t\t\t<\/div>\n\t\t\t\t<div class=\"elementor-element elementor-element-5afebe79 elementor-widget elementor-widget-text-editor\" data-id=\"5afebe79\" data-element_type=\"widget\" data-e-type=\"widget\" data-widget_type=\"text-editor.default\">\n\t\t\t\t\t\t\t\t\t<p>Planning a symbolic wedding on Sal Island becomes effortless with our experienced local team. We combine international standards with deep island knowledge, trusted partners, and personalised guidance, ensuring every detail reflects your story. From logistics to design, we take care of everything, so you can focus on celebrating your love in a truly unforgettable destination.<\/p>\t\t\t\t\t\t\t\t<\/div>\n\t\t\t\t<\/div>\n\t\t<div class=\"elementor-element elementor-element-7f505522 e-con-full e-flex wpr-particle-no wpr-jarallax-no wpr-parallax-no wpr-sticky-section-no wpr-equal-height-no elementor-invisible e-con e-child\" data-id=\"7f505522\" data-element_type=\"container\" data-e-type=\"container\" data-settings=\"{&quot;animation&quot;:&quot;slideInUp&quot;}\">\n\t\t\t\t<div class=\"elementor-element elementor-element-3e8ab676 elementor-widget elementor-widget-image\" data-id=\"3e8ab676\" data-element_type=\"widget\" data-e-type=\"widget\" data-widget_type=\"image.default\">\n\t\t\t\t\t\t\t\t\t\t\t\t\t\t\t<img decoding=\"async\" width=\"1365\" height=\"2048\" src=\"https:\/\/sal.getmarried.pt\/wp-content\/uploads\/2026\/01\/sal-wedding-get-married-1-3.jpg\" class=\"attachment-full size-full wp-image-1238\" alt=\"\" srcset=\"https:\/\/sal.getmarried.pt\/wp-content\/uploads\/2026\/01\/sal-wedding-get-married-1-3.jpg 1365w, https:\/\/sal.getmarried.pt\/wp-content\/uploads\/2026\/01\/sal-wedding-get-married-1-3-200x300.jpg 200w, https:\/\/sal.getmarried.pt\/wp-content\/uploads\/2026\/01\/sal-wedding-get-married-1-3-683x1024.jpg 683w, https:\/\/sal.getmarried.pt\/wp-content\/uploads\/2026\/01\/sal-wedding-get-married-1-3-768x1152.jpg 768w, https:\/\/sal.getmarried.pt\/wp-content\/uploads\/2026\/01\/sal-wedding-get-married-1-3-1024x1536.jpg 1024w\" sizes=\"(max-width: 1365px) 100vw, 1365px\" \/>\t\t\t\t\t\t\t\t\t\t\t\t\t\t\t<\/div>\n\t\t\t\t<div class=\"elementor-element elementor-element-c8abfe3 elementor-widget elementor-widget-spacer\" data-id=\"c8abfe3\" data-element_type=\"widget\" data-e-type=\"widget\" data-widget_type=\"spacer.default\">\n\t\t\t\t\t\t\t<div class=\"elementor-spacer\">\n\t\t\t<div class=\"elementor-spacer-inner\"><\/div>\n\t\t<\/div>\n\t\t\t\t\t\t<\/div>\n\t\t\t\t<div class=\"elementor-element elementor-element-148bc933 wpr-button-icon-style-inline wpr-button-icon-position-right elementor-widget elementor-widget-wpr-button\" data-id=\"148bc933\" data-element_type=\"widget\" data-e-type=\"widget\" data-widget_type=\"wpr-button.default\">\n\t\t\t\t\t\t\n\t\t\t\n\t\t\n\t\t<div class=\"wpr-button-wrap elementor-clearfix\">\n\t\t<a class=\"wpr-button wpr-button-effect wpr-button-none\" data-text=\"\" href=\"https:\/\/sal.getmarried.pt\/pt\/about-us\/\">\n\t\t\t\n\t\t\t<span class=\"wpr-button-content\">\n\t\t\t\t\t\t\t\t\t<span class=\"wpr-button-text\">Read More<\/span>\n\t\t\t\t\t\t\t\t\n\t\t\t\t\t\t\t<\/span>\n\t\t<\/a>\n\n\t\t\t\t<\/div>\n\t\n\t\n\t\t\t\t\t<\/div>\n\t\t\t\t<\/div>\n\t\t<div class=\"elementor-element elementor-element-30de3adc e-con-full e-flex wpr-particle-no wpr-jarallax-no wpr-parallax-no wpr-sticky-section-no wpr-equal-height-no elementor-invisible e-con e-child\" data-id=\"30de3adc\" data-element_type=\"container\" data-e-type=\"container\" data-settings=\"{&quot;animation&quot;:&quot;slideInUp&quot;,&quot;animation_delay&quot;:200}\">\n\t\t\t\t<div class=\"elementor-element elementor-element-1d0581ac elementor-widget elementor-widget-image\" data-id=\"1d0581ac\" data-element_type=\"widget\" data-e-type=\"widget\" data-widget_type=\"image.default\">\n\t\t\t\t\t\t\t\t\t\t\t\t\t\t\t<img decoding=\"async\" width=\"1536\" height=\"1877\" src=\"https:\/\/sal.getmarried.pt\/wp-content\/uploads\/2026\/01\/sal-wedding-get-married-organization.jpg\" class=\"attachment-full size-full wp-image-1264\" alt=\"\" srcset=\"https:\/\/sal.getmarried.pt\/wp-content\/uploads\/2026\/01\/sal-wedding-get-married-organization.jpg 1536w, https:\/\/sal.getmarried.pt\/wp-content\/uploads\/2026\/01\/sal-wedding-get-married-organization-245x300.jpg 245w, https:\/\/sal.getmarried.pt\/wp-content\/uploads\/2026\/01\/sal-wedding-get-married-organization-838x1024.jpg 838w, https:\/\/sal.getmarried.pt\/wp-content\/uploads\/2026\/01\/sal-wedding-get-married-organization-768x939.jpg 768w, https:\/\/sal.getmarried.pt\/wp-content\/uploads\/2026\/01\/sal-wedding-get-married-organization-1257x1536.jpg 1257w\" sizes=\"(max-width: 1536px) 100vw, 1536px\" \/>\t\t\t\t\t\t\t\t\t\t\t\t\t\t\t<\/div>\n\t\t\t\t<div class=\"elementor-element elementor-element-a01f004 elementor-widget elementor-widget-text-editor\" data-id=\"a01f004\" data-element_type=\"widget\" data-e-type=\"widget\" data-widget_type=\"text-editor.default\">\n\t\t\t\t\t\t\t\t\t<p>With years of experience planning weddings across Portugal, Get Married brings proven expertise, refined aesthetics, and strong organisational skills to Sal Island. This background allows us to adapt international expectations to a destination setting, ensuring symbolic weddings that are beautifully planned, culturally aware, and flawlessly executed from the first idea to the final celebration.<\/p>\t\t\t\t\t\t\t\t<\/div>\n\t\t\t\t<\/div>\n\t\t\t\t<\/div>\n\t\t\t\t\t<\/div>\n\t\t\t\t<\/div>\n\t\t<div class=\"elementor-element elementor-element-e0e3527 e-con-full e-flex wpr-particle-no wpr-jarallax-no wpr-parallax-no wpr-sticky-section-no wpr-equal-height-no e-con e-parent\" data-id=\"e0e3527\" data-element_type=\"container\" data-e-type=\"container\" data-settings=\"{&quot;background_background&quot;:&quot;classic&quot;}\">\n\t\t<div class=\"elementor-element elementor-element-5c36417a e-grid e-con-full wpr-particle-no wpr-jarallax-no wpr-parallax-no wpr-sticky-section-no wpr-equal-height-no e-con e-child\" data-id=\"5c36417a\" data-element_type=\"container\" data-e-type=\"container\">\n\t\t\t\t<div class=\"elementor-element elementor-element-4593d6b3 elementor-widget elementor-widget-heading\" data-id=\"4593d6b3\" data-element_type=\"widget\" data-e-type=\"widget\" data-widget_type=\"heading.default\">\n\t\t\t\t\t<h2 class=\"elementor-heading-title elementor-size-default\">A Nossa Equipa de Profissionais<\/h2>\t\t\t\t<\/div>\n\t\t\t\t<\/div>\n\t\t<div class=\"elementor-element elementor-element-11290006 e-grid e-con-full wpr-particle-no wpr-jarallax-no wpr-parallax-no wpr-sticky-section-no wpr-equal-height-no e-con e-child\" data-id=\"11290006\" data-element_type=\"container\" data-e-type=\"container\">\n\t\t\t\t<div class=\"elementor-element elementor-element-10659ef3 elementor-invisible elementor-widget elementor-widget-wpr-team-member\" data-id=\"10659ef3\" data-element_type=\"widget\" data-e-type=\"widget\" data-settings=\"{&quot;_animation&quot;:&quot;zoomIn&quot;,&quot;_animation_delay&quot;:100}\" data-widget_type=\"wpr-team-member.default\">\n\t\t\t\t\t\n\t<div class=\"wpr-team-member\">\n\t\t\t\t\t\n\t\t\t<div class=\"wpr-member-media\">\n\t\t\t\t<div class=\"wpr-member-image\">\n\t\t\t\t\t<img decoding=\"async\" src=\"https:\/\/sal.getmarried.pt\/wp-content\/uploads\/2026\/01\/wedding-in-sal-organization_cv.jpg\" alt=\"T\u00e2nia Pinto Sousa\">\n\t\t\t\t<\/div>\n\t\t\t\t\t\t\t<\/div>\n\t\t\t\t\n\t\t\n\t\t<div class=\"wpr-member-content\">\n\t\t\t<h3 class=\"wpr-member-name\">T\u00e2nia Pinto Sousa<\/h3>\n\t\t\t\n\t\t\t\t\t\t\t<div class=\"wpr-member-job\">Wedding Planner<\/div>\n\t\t\t\n\t\t\t\n\t\t\t\t\t\t\n\t\t\t\t\t<\/div>\n\n\t\t\t<\/div>\n\n\t\t\t\t\t<\/div>\n\t\t\t\t<div class=\"elementor-element elementor-element-d7b3a8a elementor-invisible elementor-widget elementor-widget-wpr-team-member\" data-id=\"d7b3a8a\" data-element_type=\"widget\" data-e-type=\"widget\" data-settings=\"{&quot;_animation&quot;:&quot;zoomIn&quot;,&quot;_animation_delay&quot;:100}\" data-widget_type=\"wpr-team-member.default\">\n\t\t\t\t\t\n\t<div class=\"wpr-team-member\">\n\t\t\t\t\t\n\t\t\t<div class=\"wpr-member-media\">\n\t\t\t\t<div class=\"wpr-member-image\">\n\t\t\t\t\t<img decoding=\"async\" src=\"https:\/\/sal.getmarried.pt\/wp-content\/uploads\/2026\/01\/sal-weddings-e1767777622812.jpeg\" alt=\"In\u00eas Regadas\">\n\t\t\t\t<\/div>\n\t\t\t\t\t\t\t<\/div>\n\t\t\t\t\n\t\t\n\t\t<div class=\"wpr-member-content\">\n\t\t\t<h3 class=\"wpr-member-name\">In\u00eas Regadas<\/h3>\n\t\t\t\n\t\t\t\t\t\t\t<div class=\"wpr-member-job\">Wedding Planner<\/div>\n\t\t\t\n\t\t\t\n\t\t\t\t\t\t\n\t\t\t\t\t<\/div>\n\n\t\t\t<\/div>\n\n\t\t\t\t\t<\/div>\n\t\t\t\t<div class=\"elementor-element elementor-element-4a595ec1 elementor-invisible elementor-widget elementor-widget-wpr-team-member\" data-id=\"4a595ec1\" data-element_type=\"widget\" data-e-type=\"widget\" data-settings=\"{&quot;_animation&quot;:&quot;zoomIn&quot;,&quot;_animation_delay&quot;:200}\" data-widget_type=\"wpr-team-member.default\">\n\t\t\t\t\t\n\t<div class=\"wpr-team-member\">\n\t\t\t\t\t\n\t\t\t<div class=\"wpr-member-media\">\n\t\t\t\t<div class=\"wpr-member-image\">\n\t\t\t\t\t<img decoding=\"async\" src=\"https:\/\/sal.getmarried.pt\/wp-content\/uploads\/2026\/01\/WhatsApp-Image-2026-01-06-at-22.00.13-e1767777799975.jpeg\" alt=\"Mariana Tavares\">\n\t\t\t\t<\/div>\n\t\t\t\t\t\t\t<\/div>\n\t\t\t\t\n\t\t\n\t\t<div class=\"wpr-member-content\">\n\t\t\t<h3 class=\"wpr-member-name\">Mariana Tavares<\/h3>\n\t\t\t\n\t\t\t\t\t\t\t<div class=\"wpr-member-job\">Wedding Planner<\/div>\n\t\t\t\n\t\t\t\n\t\t\t\t\t\t\n\t\t\t\t\t<\/div>\n\n\t\t\t<\/div>\n\n\t\t\t\t\t<\/div>\n\t\t\t\t<div class=\"elementor-element elementor-element-39655fc8 elementor-invisible elementor-widget elementor-widget-wpr-team-member\" data-id=\"39655fc8\" data-element_type=\"widget\" data-e-type=\"widget\" data-settings=\"{&quot;_animation&quot;:&quot;zoomIn&quot;,&quot;_animation_delay&quot;:300}\" data-widget_type=\"wpr-team-member.default\">\n\t\t\t\t\t\n\t<div class=\"wpr-team-member\">\n\t\t\t\t\t\n\t\t\t<div class=\"wpr-member-media\">\n\t\t\t\t<div class=\"wpr-member-image\">\n\t\t\t\t\t<img decoding=\"async\" src=\"https:\/\/sal.getmarried.pt\/wp-content\/uploads\/2026\/01\/sal-wedding-planners-e1767777923674.jpeg\" alt=\"Pedro Matos\">\n\t\t\t\t<\/div>\n\t\t\t\t\t\t\t<\/div>\n\t\t\t\t\n\t\t\n\t\t<div class=\"wpr-member-content\">\n\t\t\t<h3 class=\"wpr-member-name\">Pedro Matos<\/h3>\n\t\t\t\n\t\t\t\t\t\t\t<div class=\"wpr-member-job\">Office Manager \/ Wedding Planner<\/div>\n\t\t\t\n\t\t\t\n\t\t\t\t\t\t\n\t\t\t\t\t<\/div>\n\n\t\t\t<\/div>\n\n\t\t\t\t\t<\/div>\n\t\t\t\t<div class=\"elementor-element elementor-element-3fde194a elementor-invisible elementor-widget elementor-widget-wpr-team-member\" data-id=\"3fde194a\" data-element_type=\"widget\" data-e-type=\"widget\" data-settings=\"{&quot;_animation&quot;:&quot;zoomIn&quot;,&quot;_animation_delay&quot;:400}\" data-widget_type=\"wpr-team-member.default\">\n\t\t\t\t\t\n\t<div class=\"wpr-team-member\">\n\t\t\t\t\t\n\t\t\t<div class=\"wpr-member-media\">\n\t\t\t\t<div class=\"wpr-member-image\">\n\t\t\t\t\t<img decoding=\"async\" src=\"https:\/\/sal.getmarried.pt\/wp-content\/uploads\/2026\/01\/wedding-sal-island-e1767778617226.jpeg\" alt=\"Maria Beatriz\">\n\t\t\t\t<\/div>\n\t\t\t\t\t\t\t<\/div>\n\t\t\t\t\n\t\t\n\t\t<div class=\"wpr-member-content\">\n\t\t\t<h3 class=\"wpr-member-name\">Maria Beatriz<\/h3>\n\t\t\t\n\t\t\t\t\t\t\t<div class=\"wpr-member-job\">Office Manager \/ Wedding Planner<\/div>\n\t\t\t\n\t\t\t\n\t\t\t\t\t\t\n\t\t\t\t\t<\/div>\n\n\t\t\t<\/div>\n\n\t\t\t\t\t<\/div>\n\t\t\t\t<\/div>\n\t\t\t\t<\/div>\n\t\t<div class=\"elementor-element elementor-element-7e25f047 e-flex e-con-boxed wpr-particle-no wpr-jarallax-no wpr-parallax-no wpr-sticky-section-no wpr-equal-height-no elementor-invisible e-con e-parent\" data-id=\"7e25f047\" data-element_type=\"container\" data-e-type=\"container\" data-settings=\"{&quot;background_background&quot;:&quot;classic&quot;,&quot;animation&quot;:&quot;slideInUp&quot;}\">\n\t\t\t\t\t<div class=\"e-con-inner\">\n\t\t<div class=\"elementor-element elementor-element-35d9bd32 e-con-full e-flex wpr-particle-no wpr-jarallax-no wpr-parallax-no wpr-sticky-section-no wpr-equal-height-no e-con e-child\" data-id=\"35d9bd32\" data-element_type=\"container\" data-e-type=\"container\">\n\t\t\t\t<div class=\"elementor-element elementor-element-317fd4d1 elementor-widget elementor-widget-heading\" data-id=\"317fd4d1\" data-element_type=\"widget\" data-e-type=\"widget\" data-widget_type=\"heading.default\">\n\t\t\t\t\t<h2 class=\"elementor-heading-title elementor-size-default\">Why us?<\/h2>\t\t\t\t<\/div>\n\t\t\t\t<div class=\"elementor-element elementor-element-76fedaf2 elementor-widget-divider--view-line elementor-widget elementor-widget-divider\" data-id=\"76fedaf2\" data-element_type=\"widget\" data-e-type=\"widget\" data-widget_type=\"divider.default\">\n\t\t\t\t\t\t\t<div class=\"elementor-divider\">\n\t\t\t<span class=\"elementor-divider-separator\">\n\t\t\t\t\t\t<\/span>\n\t\t<\/div>\n\t\t\t\t\t\t<\/div>\n\t\t\t\t<\/div>\n\t\t<div class=\"elementor-element elementor-element-4ddeaaa2 e-grid e-con-full wpr-particle-no wpr-jarallax-no wpr-parallax-no wpr-sticky-section-no wpr-equal-height-no e-con e-child\" data-id=\"4ddeaaa2\" data-element_type=\"container\" data-e-type=\"container\">\n\t\t<div class=\"elementor-element elementor-element-63782720 e-con-full e-flex wpr-particle-no wpr-jarallax-no wpr-parallax-no wpr-sticky-section-no wpr-equal-height-no e-con e-child\" data-id=\"63782720\" data-element_type=\"container\" data-e-type=\"container\">\n\t\t\t\t<div class=\"elementor-element elementor-element-319b0a30 elementor-widget elementor-widget-image-box\" data-id=\"319b0a30\" data-element_type=\"widget\" data-e-type=\"widget\" data-widget_type=\"image-box.default\">\n\t\t\t\t\t<div class=\"elementor-image-box-wrapper\"><div class=\"elementor-image-box-content\"><h3 class=\"elementor-image-box-title\">Local Expertise on Sal Island<\/h3><p class=\"elementor-image-box-description\">We know Sal Island inside out. From trusted local suppliers to the best ceremony locations, our on-site knowledge ensures smooth planning, realistic timelines, and an authentic island experience.<\/p><\/div><\/div>\t\t\t\t<\/div>\n\t\t\t\t<\/div>\n\t\t<div class=\"elementor-element elementor-element-6134c5c9 e-con-full e-flex wpr-particle-no wpr-jarallax-no wpr-parallax-no wpr-sticky-section-no wpr-equal-height-no e-con e-child\" data-id=\"6134c5c9\" data-element_type=\"container\" data-e-type=\"container\">\n\t\t\t\t<div class=\"elementor-element elementor-element-171eb33a elementor-widget elementor-widget-image-box\" data-id=\"171eb33a\" data-element_type=\"widget\" data-e-type=\"widget\" data-widget_type=\"image-box.default\">\n\t\t\t\t\t<div class=\"elementor-image-box-wrapper\"><div class=\"elementor-image-box-content\"><h3 class=\"elementor-image-box-title\">International Wedding Experience<\/h3><p class=\"elementor-image-box-description\">With a strong background in organising weddings in Portugal for international couples, we understand expectations, cultural differences, and the importance of clear communication throughout the planning journey.<\/p><\/div><\/div>\t\t\t\t<\/div>\n\t\t\t\t<\/div>\n\t\t<div class=\"elementor-element elementor-element-5df70d1a e-con-full e-flex wpr-particle-no wpr-jarallax-no wpr-parallax-no wpr-sticky-section-no wpr-equal-height-no e-con e-child\" data-id=\"5df70d1a\" data-element_type=\"container\" data-e-type=\"container\">\n\t\t\t\t<div class=\"elementor-element elementor-element-7c201972 elementor-widget elementor-widget-image-box\" data-id=\"7c201972\" data-element_type=\"widget\" data-e-type=\"widget\" data-widget_type=\"image-box.default\">\n\t\t\t\t\t<div class=\"elementor-image-box-wrapper\"><div class=\"elementor-image-box-content\"><h3 class=\"elementor-image-box-title\">Stress-Free Symbolic Ceremonies<\/h3><p class=\"elementor-image-box-description\">We specialise in symbolic weddings designed to feel meaningful and personal, without legal complexity. Every detail is thoughtfully curated so you can focus on the moment, not the logistics.<\/p><\/div><\/div>\t\t\t\t<\/div>\n\t\t\t\t<\/div>\n\t\t<div class=\"elementor-element elementor-element-4d5cdfa e-con-full e-flex wpr-particle-no wpr-jarallax-no wpr-parallax-no wpr-sticky-section-no wpr-equal-height-no e-con e-child\" data-id=\"4d5cdfa\" data-element_type=\"container\" data-e-type=\"container\">\n\t\t\t\t<div class=\"elementor-element elementor-element-6134d259 elementor-widget elementor-widget-image-box\" data-id=\"6134d259\" data-element_type=\"widget\" data-e-type=\"widget\" data-widget_type=\"image-box.default\">\n\t\t\t\t\t<div class=\"elementor-image-box-wrapper\"><div class=\"elementor-image-box-content\"><h3 class=\"elementor-image-box-title\">Personalised &amp; Boutique Approach<\/h3><p class=\"elementor-image-box-description\">We work with a limited number of couples to provide a truly personal service. Your story, your vision, and your priorities guide every decision we make.<\/p><\/div><\/div>\t\t\t\t<\/div>\n\t\t\t\t<\/div>\n\t\t\t\t<\/div>\n\t\t\t\t<div class=\"elementor-element elementor-element-74a988e elementor-widget elementor-widget-spacer\" data-id=\"74a988e\" data-element_type=\"widget\" data-e-type=\"widget\" data-widget_type=\"spacer.default\">\n\t\t\t\t\t\t\t<div class=\"elementor-spacer\">\n\t\t\t<div class=\"elementor-spacer-inner\"><\/div>\n\t\t<\/div>\n\t\t\t\t\t\t<\/div>\n\t\t\t\t<div class=\"elementor-element elementor-element-c066c37 wpr-button-icon-style-inline wpr-button-icon-position-right elementor-widget elementor-widget-wpr-button\" data-id=\"c066c37\" data-element_type=\"widget\" data-e-type=\"widget\" data-widget_type=\"wpr-button.default\">\n\t\t\t\t\t\t\n\t\t\t\n\t\t\n\t\t<div class=\"wpr-button-wrap elementor-clearfix\">\n\t\t<a class=\"wpr-button wpr-button-effect wpr-button-none\" data-text=\"\" href=\"https:\/\/sal.getmarried.pt\/pt\/contact-us\/\">\n\t\t\t\n\t\t\t<span class=\"wpr-button-content\">\n\t\t\t\t\t\t\t\t\t<span class=\"wpr-button-text\">Enquire Now<\/span>\n\t\t\t\t\t\t\t\t\n\t\t\t\t\t\t\t<\/span>\n\t\t<\/a>\n\n\t\t\t\t<\/div>\n\t\n\t\n\t\t\t\t\t<\/div>\n\t\t\t\t\t<\/div>\n\t\t\t\t<\/div>\n\t\t\t\t<\/div>","protected":false},"excerpt":{"rendered":"<p>Team members Meet the Get Married team dedicated to creating unforgettable weddings on Sal Island, combining local expertise with refined planning and genuine care. Founder &amp; Lead Wedding Planner , T\u00e2nia Pinto Sousa Planning a symbolic wedding on Sal Island becomes effortless with our experienced local team. We combine international standards with deep island knowledge, trusted partners, and personalised guidance, ensuring every detail reflects your story. From logistics to design, we take care of everything, so you can focus on celebrating your love in a truly unforgettable destination. Read More With years of experience planning weddings across Portugal, Get Married brings proven expertise, refined aesthetics, and strong organisational skills to Sal Island. This background allows us to adapt international expectations to a destination setting, ensuring symbolic weddings that are beautifully planned, culturally aware, and flawlessly executed from the first idea to the final celebration. Our Professional Team T\u00e2nia Pinto Sousa Wedding Planner In\u00eas Regadas Wedding Planner Mariana Tavares Wedding Planner Pedro Matos Office Manager \/ Wedding Planner Maria Beatriz Office Manager \/ Wedding Planner Why us? Local Expertise on Sal Island We know Sal Island inside out. From trusted local suppliers to the best ceremony locations, our on-site knowledge ensures smooth planning, realistic timelines, and an authentic island experience. International Wedding Experience With a strong background in organising weddings in Portugal for international couples, we understand expectations, cultural differences, and the importance of clear communication throughout the planning journey. Stress-Free Symbolic Ceremonies We specialise in symbolic weddings designed to feel meaningful and personal, without legal complexity. Every detail is thoughtfully curated so you can focus on the moment, not the logistics. Personalised &amp; Boutique Approach We work with a limited number of couples to provide a truly personal service. Your story, your vision, and your priorities guide every decision we make. Enquire Now<\/p>","protected":false},"author":1,"featured_media":0,"parent":0,"menu_order":0,"comment_status":"closed","ping_status":"closed","template":"page-templates\/template-pagebuilder-full-width.php","meta":{"neve_meta_sidebar":"","neve_meta_container":"","neve_meta_enable_content_width":"","neve_meta_content_width":0,"neve_meta_title_alignment":"","neve_meta_author_avatar":"","neve_post_elements_order":"","neve_meta_disable_header":"","neve_meta_disable_footer":"","neve_meta_disable_title":"","footnotes":""},"class_list":["post-600","page","type-page","status-publish","hentry"],"_links":{"self":[{"href":"https:\/\/sal.getmarried.pt\/pt\/wp-json\/wp\/v2\/pages\/600","targetHints":{"allow":["GET"]}}],"collection":[{"href":"https:\/\/sal.getmarried.pt\/pt\/wp-json\/wp\/v2\/pages"}],"about":[{"href":"https:\/\/sal.getmarried.pt\/pt\/wp-json\/wp\/v2\/types\/page"}],"author":[{"embeddable":true,"href":"https:\/\/sal.getmarried.pt\/pt\/wp-json\/wp\/v2\/users\/1"}],"replies":[{"embeddable":true,"href":"https:\/\/sal.getmarried.pt\/pt\/wp-json\/wp\/v2\/comments?post=600"}],"version-history":[{"count":121,"href":"https:\/\/sal.getmarried.pt\/pt\/wp-json\/wp\/v2\/pages\/600\/revisions"}],"predecessor-version":[{"id":1270,"href":"https:\/\/sal.getmarried.pt\/pt\/wp-json\/wp\/v2\/pages\/600\/revisions\/1270"}],"wp:attachment":[{"href":"https:\/\/sal.getmarried.pt\/pt\/wp-json\/wp\/v2\/media?parent=600"}],"curies":[{"name":"wp","href":"https:\/\/api.w.org\/{rel}","templated":true}]}}