{"id":312,"date":"2020-01-23T18:21:52","date_gmt":"2020-01-23T18:21:52","guid":{"rendered":"https:\/\/demosites.io\/web-agency-gb\/?page_id=61"},"modified":"2026-03-16T19:53:00","modified_gmt":"2026-03-16T19:53:00","slug":"about-us","status":"publish","type":"page","link":"https:\/\/sal.getmarried.pt\/pt\/about-us\/","title":{"rendered":"Sobre n\u00f3s"},"content":{"rendered":"<div data-elementor-type=\"wp-page\" data-elementor-id=\"312\" class=\"elementor elementor-312\">\n\t\t\t\t<div class=\"elementor-element elementor-element-64d45e6 e-con-full e-flex wpr-particle-no wpr-jarallax-no wpr-parallax-no wpr-sticky-section-no wpr-equal-height-no e-con e-parent\" data-id=\"64d45e6\" data-element_type=\"container\" data-e-type=\"container\">\n\t\t\t\t<div class=\"elementor-element elementor-element-1452452 elementor-widget elementor-widget-spacer\" data-id=\"1452452\" data-element_type=\"widget\" data-e-type=\"widget\" data-widget_type=\"spacer.default\">\n\t\t\t\t\t\t\t<div class=\"elementor-spacer\">\n\t\t\t<div class=\"elementor-spacer-inner\"><\/div>\n\t\t<\/div>\n\t\t\t\t\t\t<\/div>\n\t\t\t\t<\/div>\n\t\t\t\t<section class=\"elementor-section elementor-top-section elementor-element elementor-element-be955cb elementor-section-full_width elementor-section-height-min-height elementor-section-height-default elementor-section-items-middle wpr-particle-no wpr-jarallax-no wpr-parallax-no wpr-sticky-section-no wpr-equal-height-no\" data-id=\"be955cb\" data-element_type=\"section\" data-e-type=\"section\" data-settings=\"{&quot;background_background&quot;:&quot;classic&quot;}\">\n\t\t\t\t\t\t\t<div class=\"elementor-background-overlay\"><\/div>\n\t\t\t\t\t\t\t<div class=\"elementor-container elementor-column-gap-no\">\n\t\t\t\t\t<div class=\"elementor-column elementor-col-100 elementor-top-column elementor-element elementor-element-ce46902\" data-id=\"ce46902\" data-element_type=\"column\" data-e-type=\"column\">\n\t\t\t<div class=\"elementor-widget-wrap elementor-element-populated\">\n\t\t\t\t\t\t<div class=\"elementor-element elementor-element-5b96fc1 elementor-widget elementor-widget-heading\" data-id=\"5b96fc1\" data-element_type=\"widget\" data-e-type=\"widget\" data-widget_type=\"heading.default\">\n\t\t\t\t\t<h1 class=\"elementor-heading-title elementor-size-default\">Sobre n\u00f3s<\/h1>\t\t\t\t<\/div>\n\t\t\t\t\t<\/div>\n\t\t<\/div>\n\t\t\t\t\t<\/div>\n\t\t<\/section>\n\t\t\t\t<section class=\"elementor-section elementor-top-section elementor-element elementor-element-641f4a93 elementor-section-boxed elementor-section-height-default elementor-section-height-default wpr-particle-no wpr-jarallax-no wpr-parallax-no wpr-sticky-section-no wpr-equal-height-no\" data-id=\"641f4a93\" data-element_type=\"section\" data-e-type=\"section\">\n\t\t\t\t\t\t<div class=\"elementor-container elementor-column-gap-default\">\n\t\t\t\t\t<div class=\"elementor-column elementor-col-50 elementor-top-column elementor-element elementor-element-47b3b781\" data-id=\"47b3b781\" data-element_type=\"column\" data-e-type=\"column\">\n\t\t\t<div class=\"elementor-widget-wrap elementor-element-populated\">\n\t\t\t\t\t\t<div class=\"elementor-element elementor-element-7c0f4103 elementor-widget elementor-widget-heading\" data-id=\"7c0f4103\" data-element_type=\"widget\" data-e-type=\"widget\" data-widget_type=\"heading.default\">\n\t\t\t\t\t<h2 class=\"elementor-heading-title elementor-size-default\">Get Married Wedding Planner<\/h2>\t\t\t\t<\/div>\n\t\t\t\t<div class=\"elementor-element elementor-element-11b13c23 elementor-widget-divider--view-line elementor-widget elementor-widget-divider\" data-id=\"11b13c23\" data-element_type=\"widget\" data-e-type=\"widget\" data-widget_type=\"divider.default\">\n\t\t\t\t\t\t\t<div class=\"elementor-divider\">\n\t\t\t<span class=\"elementor-divider-separator\">\n\t\t\t\t\t\t<\/span>\n\t\t<\/div>\n\t\t\t\t\t\t<\/div>\n\t\t\t\t<div class=\"elementor-element elementor-element-6922faae elementor-widget elementor-widget-text-editor\" data-id=\"6922faae\" data-element_type=\"widget\" data-e-type=\"widget\" data-widget_type=\"text-editor.default\">\n\t\t\t\t\t\t\t\t\t<p>O meu nome \u00e9 T\u00e2nia Pinto Sousa e sou a fundadora da Get Married Wedding Planner, um projeto ao qual me dedico em pleno desde 2017. Com forma\u00e7\u00e3o em Direito e mais de oito anos de experi\u00eancia no ramo dos casamentos, tive o privil\u00e9gio de dar vida a in\u00fameras hist\u00f3rias de amor e de orientar centenas de casais num dos dias mais importantes das suas vidas.<\/p><p>Sediada em Portugal, a Get Married Wedding Planner especializou-se na organiza\u00e7\u00e3o de casamentos para casais internacionais que escolhem o nosso pa\u00eds para celebrar o amor. Esta viagem permitiu-me refinar o meu olhar atento aos detalhes, desenvolver compet\u00eancias organizacionais precisas e cultivar uma profunda sensibilidade para compreender verdadeiramente o que cada casal idealiza - desde celebra\u00e7\u00f5es \u00edntimas a eventos grandiosos e sofisticados.<\/p><p>With extensive experience in transforming even the most ambitious dreams into unforgettable moments, my team and I are now excited to embrace a new chapter: bringing our expertise and signature approach to the paradisiac Island of Sal, Cape Verde.<\/p><p>Acreditamos que este destino m\u00e1gico - com as suas praias de areia branca, \u00e1guas cristalinas e atmosfera naturalmente relaxante - oferece o cen\u00e1rio perfeito para celebrar o amor com eleg\u00e2ncia, autenticidade e charme. \u00c9 aqui que esperamos continuar o nosso trabalho, criando experi\u00eancias \u00fanicas definidas pela dedica\u00e7\u00e3o, profissionalismo e uma paix\u00e3o inabal\u00e1vel pelo que fazemos.<\/p><p>Estamos ansiosos por tornar o casamento dos seus sonhos realidade neste lugar verdadeiramente especial.<\/p>\t\t\t\t\t\t\t\t<\/div>\n\t\t\t\t<div class=\"elementor-element elementor-element-163cf889 wpr-button-icon-style-inline wpr-button-icon-position-right elementor-widget elementor-widget-wpr-button\" data-id=\"163cf889\" data-element_type=\"widget\" data-e-type=\"widget\" data-widget_type=\"wpr-button.default\">\n\t\t\t\t\t\t\n\t\t\t\n\t\t\n\t\t<div class=\"wpr-button-wrap elementor-clearfix\">\n\t\t<a class=\"wpr-button wpr-button-effect wpr-button-none\" data-text=\"\" href=\"https:\/\/sal.getmarried.pt\/pt\/contact-us\/\">\n\t\t\t\n\t\t\t<span class=\"wpr-button-content\">\n\t\t\t\t\t\t\t\t\t<span class=\"wpr-button-text\">Enquire Now<\/span>\n\t\t\t\t\t\t\t\t\n\t\t\t\t\t\t\t<\/span>\n\t\t<\/a>\n\n\t\t\t\t<\/div>\n\t\n\t\n\t\t\t\t\t<\/div>\n\t\t\t\t\t<\/div>\n\t\t<\/div>\n\t\t\t\t<div class=\"elementor-column elementor-col-50 elementor-top-column elementor-element elementor-element-df8a904\" data-id=\"df8a904\" data-element_type=\"column\" data-e-type=\"column\">\n\t\t\t<div class=\"elementor-widget-wrap elementor-element-populated\">\n\t\t\t\t\t\t<div class=\"elementor-element elementor-element-7297eaae elementor-widget elementor-widget-image\" data-id=\"7297eaae\" data-element_type=\"widget\" data-e-type=\"widget\" data-widget_type=\"image.default\">\n\t\t\t\t\t\t\t\t\t\t\t\t\t\t\t<img fetchpriority=\"high\" decoding=\"async\" width=\"683\" height=\"1024\" src=\"https:\/\/sal.getmarried.pt\/wp-content\/uploads\/2025\/11\/get-married-tania-pinto-683x1024.jpg\" class=\"attachment-large size-large wp-image-468\" alt=\"\" srcset=\"https:\/\/sal.getmarried.pt\/wp-content\/uploads\/2025\/11\/get-married-tania-pinto-683x1024.jpg 683w, https:\/\/sal.getmarried.pt\/wp-content\/uploads\/2025\/11\/get-married-tania-pinto-200x300.jpg 200w, https:\/\/sal.getmarried.pt\/wp-content\/uploads\/2025\/11\/get-married-tania-pinto-768x1152.jpg 768w, https:\/\/sal.getmarried.pt\/wp-content\/uploads\/2025\/11\/get-married-tania-pinto-1024x1536.jpg 1024w, https:\/\/sal.getmarried.pt\/wp-content\/uploads\/2025\/11\/get-married-tania-pinto.jpg 1184w\" sizes=\"(max-width: 683px) 100vw, 683px\" \/>\t\t\t\t\t\t\t\t\t\t\t\t\t\t\t<\/div>\n\t\t\t\t\t<\/div>\n\t\t<\/div>\n\t\t\t\t\t<\/div>\n\t\t<\/section>\n\t\t<div class=\"elementor-element elementor-element-b1dfe40 e-con-full e-flex wpr-particle-no wpr-jarallax-no wpr-parallax-no wpr-sticky-section-no wpr-equal-height-no e-con e-parent\" data-id=\"b1dfe40\" data-element_type=\"container\" data-e-type=\"container\" data-settings=\"{&quot;background_background&quot;:&quot;classic&quot;}\">\n\t\t\t\t<div class=\"elementor-element elementor-element-c94b56b elementor-widget elementor-widget-spacer\" data-id=\"c94b56b\" data-element_type=\"widget\" data-e-type=\"widget\" data-widget_type=\"spacer.default\">\n\t\t\t\t\t\t\t<div class=\"elementor-spacer\">\n\t\t\t<div class=\"elementor-spacer-inner\"><\/div>\n\t\t<\/div>\n\t\t\t\t\t\t<\/div>\n\t\t\t\t<\/div>\n\t\t\t\t<\/div>","protected":false},"excerpt":{"rendered":"<p>About us Get Married Wedding Planner My name is T\u00e2nia Pinto Sousa, and I am the founder of Get Married Wedding Planner, a project I have been fully dedicated to since 2017. With a background in Law and over eight years of experience in the wedding industry, I have had the privilege of bringing countless love stories to life and guiding hundreds of couples through one of the most meaningful days of their lives. Based in Portugal, Get Married Wedding Planner has become highly specialized in organizing weddings for international couples who choose our country as their destination to celebrate love. This journey has allowed me to refine my eye for detail, develop precise organizational skills, and cultivate a deep sensitivity to truly understand what each couple envisions &#8211; from intimate celebrations to grand, sophisticated events. With extensive experience in transforming even the most ambitious dreams into unforgettable moments, my team and I are now excited to embrace a new chapter: bringing our expertise and signature approach to the paradisiac Island of Sal, Cape Verde. We believe this magical destination &#8211; with its white sandy beaches, crystal-clear waters, and naturally relaxed atmosphere &#8211; offers the perfect setting to celebrate love with elegance, authenticity, and charm. It is here that we look forward to continuing our work, creating unique experiences defined by dedication, professionalism, and an unwavering passion for what we do. We cannot wait to bring your dream wedding to life in this truly special place. Enquire Now<\/p>","protected":false},"author":1,"featured_media":0,"parent":0,"menu_order":0,"comment_status":"closed","ping_status":"closed","template":"","meta":{"neve_meta_sidebar":"default","neve_meta_container":"full-width","neve_meta_enable_content_width":"on","neve_meta_content_width":100,"neve_meta_title_alignment":"","neve_meta_author_avatar":"","neve_post_elements_order":"","neve_meta_disable_header":"off","neve_meta_disable_footer":"off","neve_meta_disable_title":"on","footnotes":""},"class_list":["post-312","page","type-page","status-publish","hentry"],"_links":{"self":[{"href":"https:\/\/sal.getmarried.pt\/pt\/wp-json\/wp\/v2\/pages\/312","targetHints":{"allow":["GET"]}}],"collection":[{"href":"https:\/\/sal.getmarried.pt\/pt\/wp-json\/wp\/v2\/pages"}],"about":[{"href":"https:\/\/sal.getmarried.pt\/pt\/wp-json\/wp\/v2\/types\/page"}],"author":[{"embeddable":true,"href":"https:\/\/sal.getmarried.pt\/pt\/wp-json\/wp\/v2\/users\/1"}],"replies":[{"embeddable":true,"href":"https:\/\/sal.getmarried.pt\/pt\/wp-json\/wp\/v2\/comments?post=312"}],"version-history":[{"count":55,"href":"https:\/\/sal.getmarried.pt\/pt\/wp-json\/wp\/v2\/pages\/312\/revisions"}],"predecessor-version":[{"id":1369,"href":"https:\/\/sal.getmarried.pt\/pt\/wp-json\/wp\/v2\/pages\/312\/revisions\/1369"}],"wp:attachment":[{"href":"https:\/\/sal.getmarried.pt\/pt\/wp-json\/wp\/v2\/media?parent=312"}],"curies":[{"name":"wp","href":"https:\/\/api.w.org\/{rel}","templated":true}]}}